{"id":7550,"date":"2025-02-17T12:05:46","date_gmt":"2025-02-17T11:05:46","guid":{"rendered":"https:\/\/tingleacademia.org\/?page_id=7550"},"modified":"2025-02-17T17:18:05","modified_gmt":"2025-02-17T16:18:05","slug":"work-packages","status":"publish","type":"page","link":"https:\/\/tingleacademia.org\/es\/work-packages\/","title":{"rendered":"Work Packages"},"content":{"rendered":"<div data-elementor-type=\"wp-page\" data-elementor-id=\"7550\" class=\"elementor elementor-7550\" data-elementor-post-type=\"page\">\n\t\t\t\t\t\t<section class=\"elementor-section elementor-top-section elementor-element elementor-element-770ee76 elementor-section-boxed elementor-section-height-default elementor-section-height-default\" data-id=\"770ee76\" data-element_type=\"section\">\n\t\t\t\t\t\t<div class=\"elementor-container elementor-column-gap-default\">\n\t\t\t\t\t<div class=\"elementor-column elementor-col-100 elementor-top-column elementor-element elementor-element-4bf58ae ot-flex-column-vertical\" data-id=\"4bf58ae\" data-element_type=\"column\">\n\t\t\t<div class=\"elementor-widget-wrap elementor-element-populated\">\n\t\t\t\t\t\t<div class=\"elementor-element elementor-element-b42df51 ssub-yes elementor-widget elementor-widget-iheading\" data-id=\"b42df51\" data-element_type=\"widget\" data-widget_type=\"iheading.default\">\n\t\t\t\t<div class=\"elementor-widget-container\">\n\t\t\t\t\t\t\t<div class=\"ot-heading\">\r\n\t        <span class=\"ot-heading__sub\">Descripci\u00f3n del Proyecto<\/span>\t        <h2 class=\"ot-heading__title\">TInGLE <br>Academia<\/h2>\t    <\/div>\r\n\t    \t\t\t\t<\/div>\n\t\t\t\t<\/div>\n\t\t\t\t\t<\/div>\n\t\t<\/div>\n\t\t\t\t\t<\/div>\n\t\t<\/section>\n\t\t\t\t<section class=\"elementor-section elementor-top-section elementor-element elementor-element-3389245 elementor-section-boxed elementor-section-height-default elementor-section-height-default\" data-id=\"3389245\" data-element_type=\"section\" data-settings=\"{&quot;background_background&quot;:&quot;classic&quot;}\">\n\t\t\t\t\t\t<div class=\"elementor-container elementor-column-gap-default\">\n\t\t\t\t\t<div class=\"elementor-column elementor-col-100 elementor-top-column elementor-element elementor-element-9ae7848 ot-flex-column-vertical\" data-id=\"9ae7848\" data-element_type=\"column\">\n\t\t\t<div class=\"elementor-widget-wrap elementor-element-populated\">\n\t\t\t\t\t\t<div class=\"elementor-element elementor-element-60f1099 ssub-yes elementor-widget elementor-widget-iheading\" data-id=\"60f1099\" data-element_type=\"widget\" data-widget_type=\"iheading.default\">\n\t\t\t\t<div class=\"elementor-widget-container\">\n\t\t\t\t\t\t\t<div class=\"ot-heading\">\r\n\t        \t        <h2 class=\"ot-heading__title\">Descripci\u00f3n de los Paquetes de Trabajo<\/h2>\t    <\/div>\r\n\t    \t\t\t\t<\/div>\n\t\t\t\t<\/div>\n\t\t\t\t<section class=\"elementor-section elementor-inner-section elementor-element elementor-element-a63c2c7 elementor-section-boxed elementor-section-height-default elementor-section-height-default\" data-id=\"a63c2c7\" data-element_type=\"section\">\n\t\t\t\t\t\t<div class=\"elementor-container elementor-column-gap-default\">\n\t\t\t\t\t<div class=\"elementor-column elementor-col-100 elementor-inner-column elementor-element elementor-element-0fbfd70 ot-column-items-center ot-flex-column-vertical\" data-id=\"0fbfd70\" data-element_type=\"column\">\n\t\t\t<div class=\"elementor-widget-wrap elementor-element-populated\">\n\t\t\t\t\t\t<div class=\"elementor-element elementor-element-b656fa5 elementor-widget elementor-widget-text-editor\" data-id=\"b656fa5\" data-element_type=\"widget\" data-widget_type=\"text-editor.default\">\n\t\t\t\t<div class=\"elementor-widget-container\">\n\t\t\t\t\t\t\t\t\t<p>TInGLE busca establecer asociaciones estrat\u00e9gicas entre instituciones de educaci\u00f3n superior (HEIs) y organizaciones de la sociedad civil (CSOs) para apoyar programas acad\u00e9micos y pol\u00edticas de igualdad de g\u00e9nero interseccional.<\/p><p>El proyecto contribuye al Objetivo de Desarrollo Sostenible 5 (ODS 5) de la Agenda 2030 mediante la integraci\u00f3n de una perspectiva de g\u00e9nero e interseccional en los planes de estudio.<\/p>\t\t\t\t\t\t\t\t<\/div>\n\t\t\t\t<\/div>\n\t\t\t\t\t<\/div>\n\t\t<\/div>\n\t\t\t\t\t<\/div>\n\t\t<\/section>\n\t\t\t\t<section class=\"elementor-section elementor-inner-section elementor-element elementor-element-9f4300a elementor-section-boxed elementor-section-height-default elementor-section-height-default\" data-id=\"9f4300a\" data-element_type=\"section\">\n\t\t\t\t\t\t<div class=\"elementor-container elementor-column-gap-default\">\n\t\t\t\t\t<div class=\"elementor-column elementor-col-33 elementor-inner-column elementor-element elementor-element-5cc6b7a ot-flex-column-vertical\" data-id=\"5cc6b7a\" data-element_type=\"column\">\n\t\t\t<div class=\"elementor-widget-wrap elementor-element-populated\">\n\t\t\t\t\t\t<div class=\"elementor-element elementor-element-0fdb073 ssub-yes elementor-widget elementor-widget-iheading\" data-id=\"0fdb073\" data-element_type=\"widget\" data-widget_type=\"iheading.default\">\n\t\t\t\t<div class=\"elementor-widget-container\">\n\t\t\t\t\t\t\t<div class=\"ot-heading\">\r\n\t        <span class=\"ot-heading__sub\">Work Package<\/span>\t        <h2 class=\"ot-heading__title\">Descripci\u00f3n de los Paquetes de Trabajo<\/h2>\t    <\/div>\r\n\t    \t\t\t\t<\/div>\n\t\t\t\t<\/div>\n\t\t\t\t<div class=\"elementor-element elementor-element-6757fb0 elementor-widget elementor-widget-image\" data-id=\"6757fb0\" data-element_type=\"widget\" data-widget_type=\"image.default\">\n\t\t\t\t<div class=\"elementor-widget-container\">\n\t\t\t\t\t\t\t\t\t\t\t\t\t\t\t<img fetchpriority=\"high\" decoding=\"async\" width=\"1024\" height=\"768\" src=\"https:\/\/tingleacademia.org\/wp-content\/uploads\/2024\/07\/20240603_121638-1024x768.jpg\" class=\"attachment-large size-large wp-image-7517\" alt=\"\" srcset=\"https:\/\/tingleacademia.org\/wp-content\/uploads\/2024\/07\/20240603_121638-1024x768.jpg 1024w, https:\/\/tingleacademia.org\/wp-content\/uploads\/2024\/07\/20240603_121638-300x225.jpg 300w, https:\/\/tingleacademia.org\/wp-content\/uploads\/2024\/07\/20240603_121638-768x576.jpg 768w, https:\/\/tingleacademia.org\/wp-content\/uploads\/2024\/07\/20240603_121638-1536x1152.jpg 1536w, https:\/\/tingleacademia.org\/wp-content\/uploads\/2024\/07\/20240603_121638.jpg 2000w\" sizes=\"(max-width: 1024px) 100vw, 1024px\" \/>\t\t\t\t\t\t\t\t\t\t\t\t\t\t\t<\/div>\n\t\t\t\t<\/div>\n\t\t\t\t\t<\/div>\n\t\t<\/div>\n\t\t\t\t<div class=\"elementor-column elementor-col-33 elementor-inner-column elementor-element elementor-element-e5856ea ot-flex-column-vertical\" data-id=\"e5856ea\" data-element_type=\"column\">\n\t\t\t<div class=\"elementor-widget-wrap\">\n\t\t\t\t\t\t\t<\/div>\n\t\t<\/div>\n\t\t\t\t<div class=\"elementor-column elementor-col-33 elementor-inner-column elementor-element elementor-element-0de0bf9 ot-flex-column-vertical\" data-id=\"0de0bf9\" data-element_type=\"column\">\n\t\t\t<div class=\"elementor-widget-wrap elementor-element-populated\">\n\t\t\t\t\t\t<div class=\"elementor-element elementor-element-b5b8585 elementor-widget elementor-widget-iaccordions\" data-id=\"b5b8585\" data-element_type=\"widget\" data-widget_type=\"iaccordions.default\">\n\t\t\t\t<div class=\"elementor-widget-container\">\n\t\t\t\t\t\r\n\t\t<div class=\"ot-accordions-wrapper style-1\">\r\n\t\t\t\t\t\t<div class=\"ot-acc-item\">\r\n\t\t\t\t<h5 class=\"ot-acc-item__title flex-middle\" data-tab=\"1\" role=\"tab\" data-default=\"yes\" >1. Gesti\u00f3n del Proyecto \r\n\t\t\t\t\t\t\t\t\t\t\t\t\t\t\t\t\t\t<span class=\"down\"><svg xmlns=\"http:\/\/www.w3.org\/2000\/svg\" xmlns:xlink=\"http:\/\/www.w3.org\/1999\/xlink\" x=\"0px\" y=\"0px\" viewbox=\"0 0 512 512\" xml:space=\"preserve\"><g>\t<g>\t\t<polygon points=\"276,236 276,0 236,0 236,236 0,236 0,276 236,276 236,512 276,512 276,276 512,276 512,236\"><\/polygon>\t<\/g><\/g><\/svg><\/span>\r\n\t\t\t\t\t\t\t<span class=\"up\"><svg xmlns=\"http:\/\/www.w3.org\/2000\/svg\" xmlns:xlink=\"http:\/\/www.w3.org\/1999\/xlink\" x=\"0px\" y=\"0px\" viewbox=\"0 0 512 512\" xml:space=\"preserve\"><g>\t<g>\t\t<rect y=\"236\" width=\"512\" height=\"40\"><\/rect>\t<\/g><\/g><\/svg><\/span>\r\n\t\t\t\t\t\t\t\t\t\t\t\t\t\t\t<\/h5>\r\n\t\t\t\t<div class=\"ot-acc-item__content\">\r\n\t\t\t\t\t<ul><li style=\"font-weight: 400;\" aria-level=\"2\"><span style=\"font-weight: 400;\">Coordinaci\u00f3n y administraci\u00f3n diaria del proyecto.<\/span><\/li><li><span style=\"font-weight: 400;\">Gesti\u00f3n de reuniones, informes trimestrales y evaluaciones peri\u00f3dicas.<\/span><\/li><li style=\"font-weight: 400;\" aria-level=\"2\"><span style=\"font-weight: 400;\">Asegurar el cumplimiento de est\u00e1ndares \u00e9ticos y legales.<\/span><\/li><li style=\"font-weight: 400;\" aria-level=\"2\"><span style=\"font-weight: 400;\">Gesti\u00f3n de datos y derechos de propiedad intelectual.<\/span><\/li><\/ul>\t\t\t\t<\/div>\r\n\t\t\t<\/div>\r\n\t\t\t\t\t\t<div class=\"ot-acc-item\">\r\n\t\t\t\t<h5 class=\"ot-acc-item__title flex-middle\" data-tab=\"2\" role=\"tab\" data-default=\"\" >2. Desigualdades de G\u00e9nero en los Planes de Estudio \r\n\t\t\t\t\t\t\t\t\t\t\t\t\t\t\t\t\t\t<span class=\"down\"><svg xmlns=\"http:\/\/www.w3.org\/2000\/svg\" xmlns:xlink=\"http:\/\/www.w3.org\/1999\/xlink\" x=\"0px\" y=\"0px\" viewbox=\"0 0 512 512\" xml:space=\"preserve\"><g>\t<g>\t\t<polygon points=\"276,236 276,0 236,0 236,236 0,236 0,276 236,276 236,512 276,512 276,276 512,276 512,236\"><\/polygon>\t<\/g><\/g><\/svg><\/span>\r\n\t\t\t\t\t\t\t<span class=\"up\"><svg xmlns=\"http:\/\/www.w3.org\/2000\/svg\" xmlns:xlink=\"http:\/\/www.w3.org\/1999\/xlink\" x=\"0px\" y=\"0px\" viewbox=\"0 0 512 512\" xml:space=\"preserve\"><g>\t<g>\t\t<rect y=\"236\" width=\"512\" height=\"40\"><\/rect>\t<\/g><\/g><\/svg><\/span>\r\n\t\t\t\t\t\t\t\t\t\t\t\t\t\t\t<\/h5>\r\n\t\t\t\t<div class=\"ot-acc-item__content\">\r\n\t\t\t\t\t<ul><li style=\"font-weight: 400;\" aria-level=\"2\"><span style=\"font-weight: 400;\">Revisi\u00f3n sistem\u00e1tica de los cursos en las tres universidades asociadas.<\/span><\/li><li style=\"font-weight: 400;\" aria-level=\"2\"><span style=\"font-weight: 400;\">Encuestas y grupos focales con estudiantes, profesores y personal administrativo.<\/span><\/li><li style=\"font-weight: 400;\" aria-level=\"2\"><span style=\"font-weight: 400;\">Identificaci\u00f3n de buenas pr\u00e1cticas y brechas en la inclusi\u00f3n del g\u00e9nero.<\/span><\/li><li style=\"font-weight: 400;\" aria-level=\"2\"><span style=\"font-weight: 400;\">Publicaci\u00f3n de informes para informar cambios en pol\u00edticas y programas.<\/span><\/li><\/ul>\t\t\t\t<\/div>\r\n\t\t\t<\/div>\r\n\t\t\t\t\t\t<div class=\"ot-acc-item\">\r\n\t\t\t\t<h5 class=\"ot-acc-item__title flex-middle\" data-tab=\"3\" role=\"tab\" data-default=\"\" >3. Mapeo de Socios Potenciales \r\n\t\t\t\t\t\t\t\t\t\t\t\t\t\t\t\t\t\t<span class=\"down\"><svg xmlns=\"http:\/\/www.w3.org\/2000\/svg\" xmlns:xlink=\"http:\/\/www.w3.org\/1999\/xlink\" x=\"0px\" y=\"0px\" viewbox=\"0 0 512 512\" xml:space=\"preserve\"><g>\t<g>\t\t<polygon points=\"276,236 276,0 236,0 236,236 0,236 0,276 236,276 236,512 276,512 276,276 512,276 512,236\"><\/polygon>\t<\/g><\/g><\/svg><\/span>\r\n\t\t\t\t\t\t\t<span class=\"up\"><svg xmlns=\"http:\/\/www.w3.org\/2000\/svg\" xmlns:xlink=\"http:\/\/www.w3.org\/1999\/xlink\" x=\"0px\" y=\"0px\" viewbox=\"0 0 512 512\" xml:space=\"preserve\"><g>\t<g>\t\t<rect y=\"236\" width=\"512\" height=\"40\"><\/rect>\t<\/g><\/g><\/svg><\/span>\r\n\t\t\t\t\t\t\t\t\t\t\t\t\t\t\t<\/h5>\r\n\t\t\t\t<div class=\"ot-acc-item__content\">\r\n\t\t\t\t\t<ul><li style=\"font-weight: 400;\" aria-level=\"2\"><span style=\"font-weight: 400;\">Identificaci\u00f3n de CSOs y organizaciones de base relevantes.<\/span><\/li><li style=\"font-weight: 400;\" aria-level=\"2\"><span style=\"font-weight: 400;\">Creaci\u00f3n de un mapa geogr\u00e1fico de actores clave.<\/span><\/li><li style=\"font-weight: 400;\" aria-level=\"2\"><span style=\"font-weight: 400;\">Organizaci\u00f3n de eventos de networking y reuniones informativas.<\/span><\/li><li style=\"font-weight: 400;\" aria-level=\"2\"><span style=\"font-weight: 400;\">Creaci\u00f3n de un directorio accesible de organizaciones enfocadas en g\u00e9nero.<\/span><\/li><\/ul>\t\t\t\t<\/div>\r\n\t\t\t<\/div>\r\n\t\t\t\t\t\t<div class=\"ot-acc-item\">\r\n\t\t\t\t<h5 class=\"ot-acc-item__title flex-middle\" data-tab=\"4\" role=\"tab\" data-default=\"\" >4. Cooperaci\u00f3n entre HEIs y CSOs \r\n\t\t\t\t\t\t\t\t\t\t\t\t\t\t\t\t\t\t<span class=\"down\"><svg xmlns=\"http:\/\/www.w3.org\/2000\/svg\" xmlns:xlink=\"http:\/\/www.w3.org\/1999\/xlink\" x=\"0px\" y=\"0px\" viewbox=\"0 0 512 512\" xml:space=\"preserve\"><g>\t<g>\t\t<polygon points=\"276,236 276,0 236,0 236,236 0,236 0,276 236,276 236,512 276,512 276,276 512,276 512,236\"><\/polygon>\t<\/g><\/g><\/svg><\/span>\r\n\t\t\t\t\t\t\t<span class=\"up\"><svg xmlns=\"http:\/\/www.w3.org\/2000\/svg\" xmlns:xlink=\"http:\/\/www.w3.org\/1999\/xlink\" x=\"0px\" y=\"0px\" viewbox=\"0 0 512 512\" xml:space=\"preserve\"><g>\t<g>\t\t<rect y=\"236\" width=\"512\" height=\"40\"><\/rect>\t<\/g><\/g><\/svg><\/span>\r\n\t\t\t\t\t\t\t\t\t\t\t\t\t\t\t<\/h5>\r\n\t\t\t\t<div class=\"ot-acc-item__content\">\r\n\t\t\t\t\t<ul><li style=\"font-weight: 400;\" aria-level=\"2\"><span style=\"font-weight: 400;\">Talleres de lluvia de ideas y co-creaci\u00f3n.<\/span><\/li><li style=\"font-weight: 400;\" aria-level=\"2\"><span style=\"font-weight: 400;\">Gesti\u00f3n de reuniones, informes trimestrales y evaluaciones peri\u00f3dicas.<\/span><\/li><li style=\"font-weight: 400;\" aria-level=\"2\"><span style=\"font-weight: 400;\">Desarrollo de gu\u00edas y materiales de formaci\u00f3n.<\/span><\/li><li style=\"font-weight: 400;\" aria-level=\"2\"><span style=\"font-weight: 400;\">Pruebas y mejora del kit de herramientas en cursos piloto.<\/span><\/li><\/ul>\t\t\t\t<\/div>\r\n\t\t\t<\/div>\r\n\t\t\t\t\t\t<div class=\"ot-acc-item\">\r\n\t\t\t\t<h5 class=\"ot-acc-item__title flex-middle\" data-tab=\"5\" role=\"tab\" data-default=\"\" >5. Compartir y Ense\u00f1ar la Herramienta \r\n\t\t\t\t\t\t\t\t\t\t\t\t\t\t\t\t\t\t<span class=\"down\"><svg xmlns=\"http:\/\/www.w3.org\/2000\/svg\" xmlns:xlink=\"http:\/\/www.w3.org\/1999\/xlink\" x=\"0px\" y=\"0px\" viewbox=\"0 0 512 512\" xml:space=\"preserve\"><g>\t<g>\t\t<polygon points=\"276,236 276,0 236,0 236,236 0,236 0,276 236,276 236,512 276,512 276,276 512,276 512,236\"><\/polygon>\t<\/g><\/g><\/svg><\/span>\r\n\t\t\t\t\t\t\t<span class=\"up\"><svg xmlns=\"http:\/\/www.w3.org\/2000\/svg\" xmlns:xlink=\"http:\/\/www.w3.org\/1999\/xlink\" x=\"0px\" y=\"0px\" viewbox=\"0 0 512 512\" xml:space=\"preserve\"><g>\t<g>\t\t<rect y=\"236\" width=\"512\" height=\"40\"><\/rect>\t<\/g><\/g><\/svg><\/span>\r\n\t\t\t\t\t\t\t\t\t\t\t\t\t\t\t<\/h5>\r\n\t\t\t\t<div class=\"ot-acc-item__content\">\r\n\t\t\t\t\t<ul><li style=\"font-weight: 400;\" aria-level=\"2\"><span style=\"font-weight: 400;\">Desarrollo de cursos de formaci\u00f3n presenciales y en l\u00ednea.<\/span><\/li><li style=\"font-weight: 400;\" aria-level=\"2\"><span style=\"font-weight: 400;\">Creaci\u00f3n de contenido para redes sociales y campa\u00f1as de sensibilizaci\u00f3n.<\/span><\/li><li style=\"font-weight: 400;\" aria-level=\"2\"><span style=\"font-weight: 400;\">Organizaci\u00f3n de conferencias nacionales e internacionales.<\/span><\/li><li style=\"font-weight: 400;\" aria-level=\"2\"><span style=\"font-weight: 400;\">Garantizar la accesibilidad a largo plazo de los resultados del proyecto.<\/span><\/li><\/ul>\t\t\t\t<\/div>\r\n\t\t\t<\/div>\r\n\t\t\t\t    <\/div>\r\n\r\n\t    \t\t\t\t<\/div>\n\t\t\t\t<\/div>\n\t\t\t\t\t<\/div>\n\t\t<\/div>\n\t\t\t\t\t<\/div>\n\t\t<\/section>\n\t\t\t\t\t<\/div>\n\t\t<\/div>\n\t\t\t\t\t<\/div>\n\t\t<\/section>\n\t\t\t\t<\/div>","protected":false},"excerpt":{"rendered":"<p>Project Description TInGLE Academia Work Package Descriptions TInGLE aims to establish strategic partnerships between Higher Education Institutions (HEIs) and Civil Society Organizations (CSOs) to support academic programs and policies towards intersectional gender equality. The project contributes to Sustainable Development Goal 5 (SDG 5) of the 2030 Agenda by integrating a gender-sensitive and intersectional perspective into [&hellip;]<\/p>","protected":false},"author":1,"featured_media":0,"parent":0,"menu_order":0,"comment_status":"closed","ping_status":"closed","template":"","meta":{"footnotes":""},"class_list":["post-7550","page","type-page","status-publish","hentry"],"_links":{"self":[{"href":"https:\/\/tingleacademia.org\/es\/wp-json\/wp\/v2\/pages\/7550","targetHints":{"allow":["GET"]}}],"collection":[{"href":"https:\/\/tingleacademia.org\/es\/wp-json\/wp\/v2\/pages"}],"about":[{"href":"https:\/\/tingleacademia.org\/es\/wp-json\/wp\/v2\/types\/page"}],"author":[{"embeddable":true,"href":"https:\/\/tingleacademia.org\/es\/wp-json\/wp\/v2\/users\/1"}],"replies":[{"embeddable":true,"href":"https:\/\/tingleacademia.org\/es\/wp-json\/wp\/v2\/comments?post=7550"}],"version-history":[{"count":12,"href":"https:\/\/tingleacademia.org\/es\/wp-json\/wp\/v2\/pages\/7550\/revisions"}],"predecessor-version":[{"id":7568,"href":"https:\/\/tingleacademia.org\/es\/wp-json\/wp\/v2\/pages\/7550\/revisions\/7568"}],"wp:attachment":[{"href":"https:\/\/tingleacademia.org\/es\/wp-json\/wp\/v2\/media?parent=7550"}],"curies":[{"name":"wp","href":"https:\/\/api.w.org\/{rel}","templated":true}]}}