{"id":7451,"date":"2024-05-15T16:21:49","date_gmt":"2024-05-15T14:21:49","guid":{"rendered":"https:\/\/tingleacademia.org\/?page_id=7451"},"modified":"2025-03-05T19:28:30","modified_gmt":"2025-03-05T18:28:30","slug":"vilniaus-universitetas","status":"publish","type":"page","link":"https:\/\/tingleacademia.org\/lt\/vilniaus-universitetas\/","title":{"rendered":"Vilniaus Universitetas"},"content":{"rendered":"<div data-elementor-type=\"wp-page\" data-elementor-id=\"7451\" class=\"elementor elementor-7451\" data-elementor-post-type=\"page\">\n\t\t\t\t\t\t<section class=\"elementor-section elementor-top-section elementor-element elementor-element-a453bf6 elementor-section-boxed elementor-section-height-default elementor-section-height-default\" data-id=\"a453bf6\" data-element_type=\"section\">\n\t\t\t\t\t\t<div class=\"elementor-container elementor-column-gap-extended\">\n\t\t\t\t\t<div class=\"elementor-column elementor-col-100 elementor-top-column elementor-element elementor-element-6a13285 ot-flex-column-vertical\" data-id=\"6a13285\" data-element_type=\"column\">\n\t\t\t<div class=\"elementor-widget-wrap elementor-element-populated\">\n\t\t\t\t\t\t<div class=\"elementor-element elementor-element-f817406 elementor-widget elementor-widget-image\" data-id=\"f817406\" data-element_type=\"widget\" data-widget_type=\"image.default\">\n\t\t\t\t<div class=\"elementor-widget-container\">\n\t\t\t\t\t\t\t\t\t\t\t\t\t\t\t<img fetchpriority=\"high\" decoding=\"async\" width=\"918\" height=\"460\" src=\"https:\/\/tingleacademia.org\/wp-content\/uploads\/2021\/05\/Immagine-WhatsApp-2024-04-19-ore-16.25.10_50a7d4a4.jpg\" class=\"attachment-large size-large wp-image-7394\" alt=\"\" srcset=\"https:\/\/tingleacademia.org\/wp-content\/uploads\/2021\/05\/Immagine-WhatsApp-2024-04-19-ore-16.25.10_50a7d4a4.jpg 918w, https:\/\/tingleacademia.org\/wp-content\/uploads\/2021\/05\/Immagine-WhatsApp-2024-04-19-ore-16.25.10_50a7d4a4-300x150.jpg 300w, https:\/\/tingleacademia.org\/wp-content\/uploads\/2021\/05\/Immagine-WhatsApp-2024-04-19-ore-16.25.10_50a7d4a4-768x385.jpg 768w\" sizes=\"(max-width: 918px) 100vw, 918px\" \/>\t\t\t\t\t\t\t\t\t\t\t\t\t\t\t<\/div>\n\t\t\t\t<\/div>\n\t\t\t\t<div class=\"elementor-element elementor-element-0f4d2f3 elementor-widget elementor-widget-heading\" data-id=\"0f4d2f3\" data-element_type=\"widget\" data-widget_type=\"heading.default\">\n\t\t\t\t<div class=\"elementor-widget-container\">\n\t\t\t\t\t<h2 class=\"elementor-heading-title elementor-size-default\">Vilniaus Universitetas<\/h2>\t\t\t\t<\/div>\n\t\t\t\t<\/div>\n\t\t\t\t<div class=\"elementor-element elementor-element-4932f17 elementor-widget elementor-widget-text-editor\" data-id=\"4932f17\" data-element_type=\"widget\" data-widget_type=\"text-editor.default\">\n\t\t\t\t<div class=\"elementor-widget-container\">\n\t\t\t\t\t\t\t\t\t<p>3 Universiteto St., LT &#8211; 01513 Vilnius<\/p>\t\t\t\t\t\t\t\t<\/div>\n\t\t\t\t<\/div>\n\t\t\t\t<div class=\"elementor-element elementor-element-4564920 elementor-widget elementor-widget-image\" data-id=\"4564920\" data-element_type=\"widget\" data-widget_type=\"image.default\">\n\t\t\t\t<div class=\"elementor-widget-container\">\n\t\t\t\t\t\t\t\t\t\t\t\t\t\t\t<img decoding=\"async\" width=\"289\" height=\"330\" src=\"https:\/\/tingleacademia.org\/wp-content\/uploads\/2024\/03\/2.png\" class=\"attachment-large size-large wp-image-7383\" alt=\"\" srcset=\"https:\/\/tingleacademia.org\/wp-content\/uploads\/2024\/03\/2.png 289w, https:\/\/tingleacademia.org\/wp-content\/uploads\/2024\/03\/2-263x300.png 263w\" sizes=\"(max-width: 289px) 100vw, 289px\" \/>\t\t\t\t\t\t\t\t\t\t\t\t\t\t\t<\/div>\n\t\t\t\t<\/div>\n\t\t\t\t<div class=\"elementor-element elementor-element-dd921c9 elementor-widget elementor-widget-text-editor\" data-id=\"dd921c9\" data-element_type=\"widget\" data-widget_type=\"text-editor.default\">\n\t\t\t\t<div class=\"elementor-widget-container\">\n\t\t\t\t\t\t\t\t\t<p dir=\"ltr\">Nuo pat \u012fsik\u016brimo XVI am\u017eiuje Vilniaus universitetas, kaip neatsiejama Europos mokslo ir kult\u016bros dalis, \u012fk\u016bnija klasikinio universiteto samprat\u0105 bei studij\u0173 ir mokslo vienov\u0119. Joje mokosi 23 517 student\u0173 ir 3348 akademiniai darbuotojai.<\/p><p dir=\"ltr\">Vilniaus universiteto Komunikacijos fakultetas yra darniausia komunikacijos moksl\u0173 mokykla ne tik Lietuvoje, bet ir visoje Ryt\u0173 Europoje. Komunikacijos ir informacijos tyrimai ir studijos sudaro integruot\u0105 Komunikacijos fakulteto branduol\u012f, kuriame pagrindinis d\u0117mesys skiriamas informacijos paie\u0161kos, jos rengimo, perdavimo ir panaudojimo visuomen\u0117je procesams. Fakultetas yra susij\u0119s su daugiau nei 20 socialini\u0173 partneri\u0173, net 100 \u012fmoni\u0173 yra prieinamos student\u0173 praktikai. \u0160iandien fakultete dirba daugiau nei 60 mokslinink\u0173 \u2013 tai bene did\u017eiausia komunikacijos ir informacijos mokslinink\u0173 komanda Lietuvoje, kurioje dirba 6 habilitacijos kvalifikacij\u0105 \u012fgij\u0119 arba habilitacijos proced\u016br\u0105 i\u0161laik\u0119 doktorantai, daugiau nei 50 doktorant\u0173. ir per 20 doktorant\u0173.\u00a0<\/p>\t\t\t\t\t\t\t\t<\/div>\n\t\t\t\t<\/div>\n\t\t\t\t<div class=\"elementor-element elementor-element-e9182dc ot-image-animation2 elementor-widget__width-auto elementor-absolute elementor-hidden-tablet elementor-hidden-phone elementor-widget elementor-widget-image\" data-id=\"e9182dc\" data-element_type=\"widget\" data-settings=\"{&quot;_position&quot;:&quot;absolute&quot;}\" data-widget_type=\"image.default\">\n\t\t\t\t<div class=\"elementor-widget-container\">\n\t\t\t\t\t\t\t\t\t\t\t\t\t\t\t<img decoding=\"async\" width=\"119\" height=\"119\" src=\"https:\/\/tingleacademia.org\/wp-content\/uploads\/2021\/06\/image1-animation-home6.png\" class=\"attachment-full size-full wp-image-7312\" alt=\"\" \/>\t\t\t\t\t\t\t\t\t\t\t\t\t\t\t<\/div>\n\t\t\t\t<\/div>\n\t\t\t\t<div class=\"elementor-element elementor-element-7466f9b ot-image-animation4 elementor-widget__width-auto elementor-absolute elementor-hidden-tablet elementor-hidden-phone elementor-widget elementor-widget-image\" data-id=\"7466f9b\" data-element_type=\"widget\" data-settings=\"{&quot;_position&quot;:&quot;absolute&quot;}\" data-widget_type=\"image.default\">\n\t\t\t\t<div class=\"elementor-widget-container\">\n\t\t\t\t\t\t\t\t\t\t\t\t\t\t\t<img loading=\"lazy\" decoding=\"async\" width=\"303\" height=\"304\" src=\"https:\/\/tingleacademia.org\/wp-content\/uploads\/2021\/06\/image2-animation-home6.png\" class=\"attachment-full size-full wp-image-7313\" alt=\"\" srcset=\"https:\/\/tingleacademia.org\/wp-content\/uploads\/2021\/06\/image2-animation-home6.png 303w, https:\/\/tingleacademia.org\/wp-content\/uploads\/2021\/06\/image2-animation-home6-300x300.png 300w, https:\/\/tingleacademia.org\/wp-content\/uploads\/2021\/06\/image2-animation-home6-150x150.png 150w\" sizes=\"(max-width: 303px) 100vw, 303px\" \/>\t\t\t\t\t\t\t\t\t\t\t\t\t\t\t<\/div>\n\t\t\t\t<\/div>\n\t\t\t\t<div class=\"elementor-element elementor-element-0cd1eb2 elementor-widget__width-auto elementor-absolute elementor-hidden-tablet elementor-hidden-phone elementor-widget elementor-widget-image\" data-id=\"0cd1eb2\" data-element_type=\"widget\" data-settings=\"{&quot;_position&quot;:&quot;absolute&quot;}\" data-widget_type=\"image.default\">\n\t\t\t\t<div class=\"elementor-widget-container\">\n\t\t\t\t\t\t\t\t\t\t\t\t\t\t\t<img loading=\"lazy\" decoding=\"async\" width=\"476\" height=\"425\" src=\"https:\/\/tingleacademia.org\/wp-content\/uploads\/2021\/06\/image3-animation-home6.png\" class=\"attachment-full size-full wp-image-7314\" alt=\"\" srcset=\"https:\/\/tingleacademia.org\/wp-content\/uploads\/2021\/06\/image3-animation-home6.png 476w, https:\/\/tingleacademia.org\/wp-content\/uploads\/2021\/06\/image3-animation-home6-300x268.png 300w\" sizes=\"(max-width: 476px) 100vw, 476px\" \/>\t\t\t\t\t\t\t\t\t\t\t\t\t\t\t<\/div>\n\t\t\t\t<\/div>\n\t\t\t\t\t<\/div>\n\t\t<\/div>\n\t\t\t\t\t<\/div>\n\t\t<\/section>\n\t\t\t\t<\/div>","protected":false},"excerpt":{"rendered":"<p>Vilniaus Universitetas 3 Universiteto St., LT &#8211; 01513 Vilnius Since its establishment in the 16th century, Vilnius University, as an integral part of European science and culture has embodied the concept of a classical university and the unity of studies and research. It has 23 517 students and 3348 Academic Staff. Vilnius University Faculty of [&hellip;]<\/p>","protected":false},"author":1,"featured_media":0,"parent":0,"menu_order":0,"comment_status":"closed","ping_status":"closed","template":"elementor_header_footer","meta":{"footnotes":""},"class_list":["post-7451","page","type-page","status-publish","hentry"],"_links":{"self":[{"href":"https:\/\/tingleacademia.org\/lt\/wp-json\/wp\/v2\/pages\/7451","targetHints":{"allow":["GET"]}}],"collection":[{"href":"https:\/\/tingleacademia.org\/lt\/wp-json\/wp\/v2\/pages"}],"about":[{"href":"https:\/\/tingleacademia.org\/lt\/wp-json\/wp\/v2\/types\/page"}],"author":[{"embeddable":true,"href":"https:\/\/tingleacademia.org\/lt\/wp-json\/wp\/v2\/users\/1"}],"replies":[{"embeddable":true,"href":"https:\/\/tingleacademia.org\/lt\/wp-json\/wp\/v2\/comments?post=7451"}],"version-history":[{"count":13,"href":"https:\/\/tingleacademia.org\/lt\/wp-json\/wp\/v2\/pages\/7451\/revisions"}],"predecessor-version":[{"id":7737,"href":"https:\/\/tingleacademia.org\/lt\/wp-json\/wp\/v2\/pages\/7451\/revisions\/7737"}],"wp:attachment":[{"href":"https:\/\/tingleacademia.org\/lt\/wp-json\/wp\/v2\/media?parent=7451"}],"curies":[{"name":"wp","href":"https:\/\/api.w.org\/{rel}","templated":true}]}}