{"id":7452,"date":"2024-05-15T16:21:26","date_gmt":"2024-05-15T14:21:26","guid":{"rendered":"https:\/\/tingleacademia.org\/?page_id=7452"},"modified":"2025-03-05T19:35:46","modified_gmt":"2025-03-05T18:35:46","slug":"universita-degli-studi-bicocca","status":"publish","type":"page","link":"https:\/\/tingleacademia.org\/lt\/universita-degli-studi-bicocca\/","title":{"rendered":"Universit\u00e0 Degli Studi Bicocca"},"content":{"rendered":"<div data-elementor-type=\"wp-page\" data-elementor-id=\"7452\" class=\"elementor elementor-7452\" data-elementor-post-type=\"page\">\n\t\t\t\t\t\t<section class=\"elementor-section elementor-top-section elementor-element elementor-element-631f213 elementor-section-boxed elementor-section-height-default elementor-section-height-default\" data-id=\"631f213\" data-element_type=\"section\">\n\t\t\t\t\t\t<div class=\"elementor-container elementor-column-gap-extended\">\n\t\t\t\t\t<div class=\"elementor-column elementor-col-100 elementor-top-column elementor-element elementor-element-816d392 ot-flex-column-vertical\" data-id=\"816d392\" data-element_type=\"column\">\n\t\t\t<div class=\"elementor-widget-wrap elementor-element-populated\">\n\t\t\t\t\t\t<div class=\"elementor-element elementor-element-1dcaf7f elementor-widget elementor-widget-image\" data-id=\"1dcaf7f\" data-element_type=\"widget\" data-widget_type=\"image.default\">\n\t\t\t\t<div class=\"elementor-widget-container\">\n\t\t\t\t\t\t\t\t\t\t\t\t\t\t\t<img fetchpriority=\"high\" decoding=\"async\" width=\"918\" height=\"460\" src=\"https:\/\/tingleacademia.org\/wp-content\/uploads\/2021\/05\/Immagine-WhatsApp-2024-04-19-ore-16.25.10_50a7d4a4.jpg\" class=\"attachment-large size-large wp-image-7394\" alt=\"\" srcset=\"https:\/\/tingleacademia.org\/wp-content\/uploads\/2021\/05\/Immagine-WhatsApp-2024-04-19-ore-16.25.10_50a7d4a4.jpg 918w, https:\/\/tingleacademia.org\/wp-content\/uploads\/2021\/05\/Immagine-WhatsApp-2024-04-19-ore-16.25.10_50a7d4a4-300x150.jpg 300w, https:\/\/tingleacademia.org\/wp-content\/uploads\/2021\/05\/Immagine-WhatsApp-2024-04-19-ore-16.25.10_50a7d4a4-768x385.jpg 768w\" sizes=\"(max-width: 918px) 100vw, 918px\" \/>\t\t\t\t\t\t\t\t\t\t\t\t\t\t\t<\/div>\n\t\t\t\t<\/div>\n\t\t\t\t<div class=\"elementor-element elementor-element-461f2fb elementor-widget elementor-widget-heading\" data-id=\"461f2fb\" data-element_type=\"widget\" data-widget_type=\"heading.default\">\n\t\t\t\t<div class=\"elementor-widget-container\">\n\t\t\t\t\t<h2 class=\"elementor-heading-title elementor-size-default\">University of Milano-Bicocca\n<\/h2>\t\t\t\t<\/div>\n\t\t\t\t<\/div>\n\t\t\t\t<div class=\"elementor-element elementor-element-b4a40dd elementor-widget elementor-widget-text-editor\" data-id=\"b4a40dd\" data-element_type=\"widget\" data-widget_type=\"text-editor.default\">\n\t\t\t\t<div class=\"elementor-widget-container\">\n\t\t\t\t\t\t\t\t\t<p>Piazza dell&#8217;Ateneo Nuovo 1, 20126 Milano<\/p>\t\t\t\t\t\t\t\t<\/div>\n\t\t\t\t<\/div>\n\t\t\t\t<div class=\"elementor-element elementor-element-682a4b3 elementor-widget elementor-widget-image\" data-id=\"682a4b3\" data-element_type=\"widget\" data-widget_type=\"image.default\">\n\t\t\t\t<div class=\"elementor-widget-container\">\n\t\t\t\t\t\t\t\t\t\t\t\t\t\t\t<img decoding=\"async\" width=\"284\" height=\"317\" src=\"https:\/\/tingleacademia.org\/wp-content\/uploads\/2024\/03\/3.png\" class=\"attachment-large size-large wp-image-7384\" alt=\"\" srcset=\"https:\/\/tingleacademia.org\/wp-content\/uploads\/2024\/03\/3.png 284w, https:\/\/tingleacademia.org\/wp-content\/uploads\/2024\/03\/3-269x300.png 269w\" sizes=\"(max-width: 284px) 100vw, 284px\" \/>\t\t\t\t\t\t\t\t\t\t\t\t\t\t\t<\/div>\n\t\t\t\t<\/div>\n\t\t\t\t<div class=\"elementor-element elementor-element-2eb7485 elementor-widget elementor-widget-text-editor\" data-id=\"2eb7485\" data-element_type=\"widget\" data-widget_type=\"text-editor.default\">\n\t\t\t\t<div class=\"elementor-widget-container\">\n\t\t\t\t\t\t\t\t\t<p><span style=\"font-weight: 400;\">Milano Bikockos universitetas (Universit\u00e0 degli Studi di Milano-Bicocca, UNIMIB) yra valstybinis universitetas Milane, Italijoje, si\u016blantis bakalauro, magistrant\u016bros ir antrosios pakopos studijas. UNIMIB yra 35 207 laureat\u0173 ir magistro student\u0173 ir 2 398 laureat\u0173 student\u0173 (doktorant\u0173, medicinos specialybi\u0173 student\u0173), 1 830 profesori\u0173 ir 814 nepriklausom\u0173 student\u0173.<\/span><\/p><p><span style=\"font-weight: 400;\">Milano-Bicocca universiteto Humanitarini\u0173 moksl\u0173 katedra \u201eRiccardo Massa\u201c savo veikl\u0105 prad\u0117jo 1999 m. sausio m\u0117n. kaip \u0160vietimo epistemologijos ir hermeneutikos katedra. Ji buvo \u012fkurta grup\u0117s pedagogikos, istorijos, filosofijos, humanitarini\u0173 ir gamtos moksl\u0173 sri\u010di\u0173 d\u0117stytoj\u0173 ir mokslinink\u0173, norin\u010di\u0173 skatinti tarpdisciplinines ugdymo proces\u0173 studijas, iniciatyva. Nuo pat prad\u017ei\u0173 katedra pasi\u017eym\u0117jo stipria tarpdisciplinine orientacija, spar\u010diai augo jos akademinio personalo skai\u010dius ir atitinkamai joje atstovaujam\u0173 disciplin\u0173 spektras. D\u0117l \u0161ios prie\u017easties 2005 m. katedrai buvo suteiktas dabartinis pavadinimas, kuris ai\u0161kiau atspindi jos mokslini\u0173 tyrim\u0173 perspektyv\u0173 \u012fvairov\u0119.<\/span><\/p>\t\t\t\t\t\t\t\t<\/div>\n\t\t\t\t<\/div>\n\t\t\t\t<div class=\"elementor-element elementor-element-cf85e42 ot-image-animation2 elementor-widget__width-auto elementor-absolute elementor-hidden-tablet elementor-hidden-phone elementor-widget elementor-widget-image\" data-id=\"cf85e42\" data-element_type=\"widget\" data-settings=\"{&quot;_position&quot;:&quot;absolute&quot;}\" data-widget_type=\"image.default\">\n\t\t\t\t<div class=\"elementor-widget-container\">\n\t\t\t\t\t\t\t\t\t\t\t\t\t\t\t<img decoding=\"async\" width=\"119\" height=\"119\" src=\"https:\/\/tingleacademia.org\/wp-content\/uploads\/2021\/06\/image1-animation-home6.png\" class=\"attachment-full size-full wp-image-7312\" alt=\"\" \/>\t\t\t\t\t\t\t\t\t\t\t\t\t\t\t<\/div>\n\t\t\t\t<\/div>\n\t\t\t\t<div class=\"elementor-element elementor-element-2472e10 ot-image-animation4 elementor-widget__width-auto elementor-absolute elementor-hidden-tablet elementor-hidden-phone elementor-widget elementor-widget-image\" data-id=\"2472e10\" data-element_type=\"widget\" data-settings=\"{&quot;_position&quot;:&quot;absolute&quot;}\" data-widget_type=\"image.default\">\n\t\t\t\t<div class=\"elementor-widget-container\">\n\t\t\t\t\t\t\t\t\t\t\t\t\t\t\t<img loading=\"lazy\" decoding=\"async\" width=\"303\" height=\"304\" src=\"https:\/\/tingleacademia.org\/wp-content\/uploads\/2021\/06\/image2-animation-home6.png\" class=\"attachment-full size-full wp-image-7313\" alt=\"\" srcset=\"https:\/\/tingleacademia.org\/wp-content\/uploads\/2021\/06\/image2-animation-home6.png 303w, https:\/\/tingleacademia.org\/wp-content\/uploads\/2021\/06\/image2-animation-home6-300x300.png 300w, https:\/\/tingleacademia.org\/wp-content\/uploads\/2021\/06\/image2-animation-home6-150x150.png 150w\" sizes=\"(max-width: 303px) 100vw, 303px\" \/>\t\t\t\t\t\t\t\t\t\t\t\t\t\t\t<\/div>\n\t\t\t\t<\/div>\n\t\t\t\t<div class=\"elementor-element elementor-element-430a095 elementor-widget__width-auto elementor-absolute elementor-hidden-tablet elementor-hidden-phone elementor-widget elementor-widget-image\" data-id=\"430a095\" data-element_type=\"widget\" data-settings=\"{&quot;_position&quot;:&quot;absolute&quot;}\" data-widget_type=\"image.default\">\n\t\t\t\t<div class=\"elementor-widget-container\">\n\t\t\t\t\t\t\t\t\t\t\t\t\t\t\t<img loading=\"lazy\" decoding=\"async\" width=\"476\" height=\"425\" src=\"https:\/\/tingleacademia.org\/wp-content\/uploads\/2021\/06\/image3-animation-home6.png\" class=\"attachment-full size-full wp-image-7314\" alt=\"\" srcset=\"https:\/\/tingleacademia.org\/wp-content\/uploads\/2021\/06\/image3-animation-home6.png 476w, https:\/\/tingleacademia.org\/wp-content\/uploads\/2021\/06\/image3-animation-home6-300x268.png 300w\" sizes=\"(max-width: 476px) 100vw, 476px\" \/>\t\t\t\t\t\t\t\t\t\t\t\t\t\t\t<\/div>\n\t\t\t\t<\/div>\n\t\t\t\t\t<\/div>\n\t\t<\/div>\n\t\t\t\t\t<\/div>\n\t\t<\/section>\n\t\t\t\t<\/div>","protected":false},"excerpt":{"rendered":"<p>University of Milano-Bicocca Piazza dell&#8217;Ateneo Nuovo 1, 20126 Milano Universit\u00e0 degli Studi di Milano-Bicocca, UNIMIB, is a public university located in Milan, Italy, providing undergraduate, graduate and post-graduate education. UNIMIB has 35.207 Bachelor and Master students and 2.398 graduate students (PhD, medical residents), 1.830 professors and 814 staff. The \u201cRiccardo Massa\u201d Department of Human Sciences [&hellip;]<\/p>","protected":false},"author":1,"featured_media":0,"parent":0,"menu_order":0,"comment_status":"closed","ping_status":"closed","template":"elementor_header_footer","meta":{"footnotes":""},"class_list":["post-7452","page","type-page","status-publish","hentry"],"_links":{"self":[{"href":"https:\/\/tingleacademia.org\/lt\/wp-json\/wp\/v2\/pages\/7452","targetHints":{"allow":["GET"]}}],"collection":[{"href":"https:\/\/tingleacademia.org\/lt\/wp-json\/wp\/v2\/pages"}],"about":[{"href":"https:\/\/tingleacademia.org\/lt\/wp-json\/wp\/v2\/types\/page"}],"author":[{"embeddable":true,"href":"https:\/\/tingleacademia.org\/lt\/wp-json\/wp\/v2\/users\/1"}],"replies":[{"embeddable":true,"href":"https:\/\/tingleacademia.org\/lt\/wp-json\/wp\/v2\/comments?post=7452"}],"version-history":[{"count":31,"href":"https:\/\/tingleacademia.org\/lt\/wp-json\/wp\/v2\/pages\/7452\/revisions"}],"predecessor-version":[{"id":7750,"href":"https:\/\/tingleacademia.org\/lt\/wp-json\/wp\/v2\/pages\/7452\/revisions\/7750"}],"wp:attachment":[{"href":"https:\/\/tingleacademia.org\/lt\/wp-json\/wp\/v2\/media?parent=7452"}],"curies":[{"name":"wp","href":"https:\/\/api.w.org\/{rel}","templated":true}]}}