{"id":7453,"date":"2024-05-15T16:22:30","date_gmt":"2024-05-15T14:22:30","guid":{"rendered":"https:\/\/tingleacademia.org\/?page_id=7453"},"modified":"2025-03-05T19:29:36","modified_gmt":"2025-03-05T18:29:36","slug":"fundacion-universidad-san-jorge","status":"publish","type":"page","link":"https:\/\/tingleacademia.org\/lt\/fundacion-universidad-san-jorge\/","title":{"rendered":"Fundacion Universidad San Jorge"},"content":{"rendered":"<div data-elementor-type=\"wp-page\" data-elementor-id=\"7453\" class=\"elementor elementor-7453\" data-elementor-post-type=\"page\">\n\t\t\t\t\t\t<section class=\"elementor-section elementor-top-section elementor-element elementor-element-4fdb87d elementor-section-boxed elementor-section-height-default elementor-section-height-default\" data-id=\"4fdb87d\" data-element_type=\"section\">\n\t\t\t\t\t\t<div class=\"elementor-container elementor-column-gap-extended\">\n\t\t\t\t\t<div class=\"elementor-column elementor-col-100 elementor-top-column elementor-element elementor-element-6eaa75b ot-flex-column-vertical\" data-id=\"6eaa75b\" data-element_type=\"column\">\n\t\t\t<div class=\"elementor-widget-wrap elementor-element-populated\">\n\t\t\t\t\t\t<div class=\"elementor-element elementor-element-096e405 elementor-widget elementor-widget-image\" data-id=\"096e405\" data-element_type=\"widget\" data-widget_type=\"image.default\">\n\t\t\t\t<div class=\"elementor-widget-container\">\n\t\t\t\t\t\t\t\t\t\t\t\t\t\t\t<img fetchpriority=\"high\" decoding=\"async\" width=\"918\" height=\"460\" src=\"https:\/\/tingleacademia.org\/wp-content\/uploads\/2021\/05\/Immagine-WhatsApp-2024-04-19-ore-16.25.10_50a7d4a4.jpg\" class=\"attachment-large size-large wp-image-7394\" alt=\"\" srcset=\"https:\/\/tingleacademia.org\/wp-content\/uploads\/2021\/05\/Immagine-WhatsApp-2024-04-19-ore-16.25.10_50a7d4a4.jpg 918w, https:\/\/tingleacademia.org\/wp-content\/uploads\/2021\/05\/Immagine-WhatsApp-2024-04-19-ore-16.25.10_50a7d4a4-300x150.jpg 300w, https:\/\/tingleacademia.org\/wp-content\/uploads\/2021\/05\/Immagine-WhatsApp-2024-04-19-ore-16.25.10_50a7d4a4-768x385.jpg 768w\" sizes=\"(max-width: 918px) 100vw, 918px\" \/>\t\t\t\t\t\t\t\t\t\t\t\t\t\t\t<\/div>\n\t\t\t\t<\/div>\n\t\t\t\t<div class=\"elementor-element elementor-element-efb37f1 elementor-widget elementor-widget-heading\" data-id=\"efb37f1\" data-element_type=\"widget\" data-widget_type=\"heading.default\">\n\t\t\t\t<div class=\"elementor-widget-container\">\n\t\t\t\t\t<h2 class=\"elementor-heading-title elementor-size-default\">Fundacion Universidad San Jorge\n<\/h2>\t\t\t\t<\/div>\n\t\t\t\t<\/div>\n\t\t\t\t<div class=\"elementor-element elementor-element-6850bd1 elementor-widget elementor-widget-text-editor\" data-id=\"6850bd1\" data-element_type=\"widget\" data-widget_type=\"text-editor.default\">\n\t\t\t\t<div class=\"elementor-widget-container\">\n\t\t\t\t\t\t\t\t\tCampus Universitario de Villanueva G\u00e0llego (Zaragoza)\t\t\t\t\t\t\t\t<\/div>\n\t\t\t\t<\/div>\n\t\t\t\t<div class=\"elementor-element elementor-element-27f1768 elementor-widget elementor-widget-image\" data-id=\"27f1768\" data-element_type=\"widget\" data-widget_type=\"image.default\">\n\t\t\t\t<div class=\"elementor-widget-container\">\n\t\t\t\t\t\t\t\t\t\t\t\t\t\t\t<img decoding=\"async\" width=\"289\" height=\"330\" src=\"https:\/\/tingleacademia.org\/wp-content\/uploads\/2024\/03\/1.png\" class=\"attachment-large size-large wp-image-7382\" alt=\"\" srcset=\"https:\/\/tingleacademia.org\/wp-content\/uploads\/2024\/03\/1.png 289w, https:\/\/tingleacademia.org\/wp-content\/uploads\/2024\/03\/1-263x300.png 263w\" sizes=\"(max-width: 289px) 100vw, 289px\" \/>\t\t\t\t\t\t\t\t\t\t\t\t\t\t\t<\/div>\n\t\t\t\t<\/div>\n\t\t\t\t<div class=\"elementor-element elementor-element-3bb44f2 elementor-widget elementor-widget-text-editor\" data-id=\"3bb44f2\" data-element_type=\"widget\" data-widget_type=\"text-editor.default\">\n\t\t\t\t<div class=\"elementor-widget-container\">\n\t\t\t\t\t\t\t\t\t<p>Universidad San Jorge, santi Villanueva de G\u00e1llego, Zaragoza miesto pakra\u0161tyje, buvo \u012fkurta 2005 m. ir priklauso San Valero grupei \u2013 \u0161vietimo \u012fstaig\u0173 grupei, kuriai vadovauja ne pelno vyskupijos centras Centro San Valero. daugiau nei 60 met\u0173 dirbantis \u012fvairi\u0173 lygi\u0173 ir tip\u0173 vidurinio, tolimesnio ir auk\u0161tojo mokslo bei mokymosi vis\u0105 gyvenim\u0105 srityse. \u0160iuo metu San Jorge universitete studijuoja daugiau nei 2200 bakalauro, magistrant\u016bros ir doktorant\u016bros student\u0173 trijose skirtingose \u200b\u200bsrityse: Sveikatos moksl\u0173 fakultete, Komunikacijos ir socialini\u0173 moksl\u0173 fakultete bei Architekt\u016bros ir technologij\u0173 mokykloje. Sveikatos moksl\u0173 fakultetas \u2013 Psichologijos katedra prisijungia prie projekto TInGLE.<\/p>\t\t\t\t\t\t\t\t<\/div>\n\t\t\t\t<\/div>\n\t\t\t\t<div class=\"elementor-element elementor-element-692527d ot-image-animation2 elementor-widget__width-auto elementor-absolute elementor-hidden-tablet elementor-hidden-phone elementor-widget elementor-widget-image\" data-id=\"692527d\" data-element_type=\"widget\" data-settings=\"{&quot;_position&quot;:&quot;absolute&quot;}\" data-widget_type=\"image.default\">\n\t\t\t\t<div class=\"elementor-widget-container\">\n\t\t\t\t\t\t\t\t\t\t\t\t\t\t\t<img decoding=\"async\" width=\"119\" height=\"119\" src=\"https:\/\/tingleacademia.org\/wp-content\/uploads\/2021\/06\/image1-animation-home6.png\" class=\"attachment-full size-full wp-image-7312\" alt=\"\" \/>\t\t\t\t\t\t\t\t\t\t\t\t\t\t\t<\/div>\n\t\t\t\t<\/div>\n\t\t\t\t<div class=\"elementor-element elementor-element-d768f1a ot-image-animation4 elementor-widget__width-auto elementor-absolute elementor-hidden-tablet elementor-hidden-phone elementor-widget elementor-widget-image\" data-id=\"d768f1a\" data-element_type=\"widget\" data-settings=\"{&quot;_position&quot;:&quot;absolute&quot;}\" data-widget_type=\"image.default\">\n\t\t\t\t<div class=\"elementor-widget-container\">\n\t\t\t\t\t\t\t\t\t\t\t\t\t\t\t<img loading=\"lazy\" decoding=\"async\" width=\"303\" height=\"304\" src=\"https:\/\/tingleacademia.org\/wp-content\/uploads\/2021\/06\/image2-animation-home6.png\" class=\"attachment-full size-full wp-image-7313\" alt=\"\" srcset=\"https:\/\/tingleacademia.org\/wp-content\/uploads\/2021\/06\/image2-animation-home6.png 303w, https:\/\/tingleacademia.org\/wp-content\/uploads\/2021\/06\/image2-animation-home6-300x300.png 300w, https:\/\/tingleacademia.org\/wp-content\/uploads\/2021\/06\/image2-animation-home6-150x150.png 150w\" sizes=\"(max-width: 303px) 100vw, 303px\" \/>\t\t\t\t\t\t\t\t\t\t\t\t\t\t\t<\/div>\n\t\t\t\t<\/div>\n\t\t\t\t<div class=\"elementor-element elementor-element-bb3a020 elementor-widget__width-auto elementor-absolute elementor-hidden-tablet elementor-hidden-phone elementor-widget elementor-widget-image\" data-id=\"bb3a020\" data-element_type=\"widget\" data-settings=\"{&quot;_position&quot;:&quot;absolute&quot;}\" data-widget_type=\"image.default\">\n\t\t\t\t<div class=\"elementor-widget-container\">\n\t\t\t\t\t\t\t\t\t\t\t\t\t\t\t<img loading=\"lazy\" decoding=\"async\" width=\"476\" height=\"425\" src=\"https:\/\/tingleacademia.org\/wp-content\/uploads\/2021\/06\/image3-animation-home6.png\" class=\"attachment-full size-full wp-image-7314\" alt=\"\" srcset=\"https:\/\/tingleacademia.org\/wp-content\/uploads\/2021\/06\/image3-animation-home6.png 476w, https:\/\/tingleacademia.org\/wp-content\/uploads\/2021\/06\/image3-animation-home6-300x268.png 300w\" sizes=\"(max-width: 476px) 100vw, 476px\" \/>\t\t\t\t\t\t\t\t\t\t\t\t\t\t\t<\/div>\n\t\t\t\t<\/div>\n\t\t\t\t\t<\/div>\n\t\t<\/div>\n\t\t\t\t\t<\/div>\n\t\t<\/section>\n\t\t\t\t<\/div>","protected":false},"excerpt":{"rendered":"<p>Fundacion Universidad San Jorge Campus Universitario de Villanueva G\u00e0llego (Zaragoza) Universidad San Jorge, located in Villanueva de G\u00e1llego on the outskirts of the city of Zaragoza, was founded in 2005 and forms part of the San Valero Group, a group of education institutions led by Centro San Valero, a non-for-profit Diocesan center with over 60 [&hellip;]<\/p>","protected":false},"author":1,"featured_media":0,"parent":0,"menu_order":0,"comment_status":"closed","ping_status":"closed","template":"elementor_header_footer","meta":{"footnotes":""},"class_list":["post-7453","page","type-page","status-publish","hentry"],"_links":{"self":[{"href":"https:\/\/tingleacademia.org\/lt\/wp-json\/wp\/v2\/pages\/7453","targetHints":{"allow":["GET"]}}],"collection":[{"href":"https:\/\/tingleacademia.org\/lt\/wp-json\/wp\/v2\/pages"}],"about":[{"href":"https:\/\/tingleacademia.org\/lt\/wp-json\/wp\/v2\/types\/page"}],"author":[{"embeddable":true,"href":"https:\/\/tingleacademia.org\/lt\/wp-json\/wp\/v2\/users\/1"}],"replies":[{"embeddable":true,"href":"https:\/\/tingleacademia.org\/lt\/wp-json\/wp\/v2\/comments?post=7453"}],"version-history":[{"count":17,"href":"https:\/\/tingleacademia.org\/lt\/wp-json\/wp\/v2\/pages\/7453\/revisions"}],"predecessor-version":[{"id":7747,"href":"https:\/\/tingleacademia.org\/lt\/wp-json\/wp\/v2\/pages\/7453\/revisions\/7747"}],"wp:attachment":[{"href":"https:\/\/tingleacademia.org\/lt\/wp-json\/wp\/v2\/media?parent=7453"}],"curies":[{"name":"wp","href":"https:\/\/api.w.org\/{rel}","templated":true}]}}