{"id":7550,"date":"2025-02-17T12:05:46","date_gmt":"2025-02-17T11:05:46","guid":{"rendered":"https:\/\/tingleacademia.org\/?page_id=7550"},"modified":"2025-02-17T17:18:05","modified_gmt":"2025-02-17T16:18:05","slug":"work-packages","status":"publish","type":"page","link":"https:\/\/tingleacademia.org\/lt\/work-packages\/","title":{"rendered":"Projekto veikl\u0173 apra\u0161ymas"},"content":{"rendered":"<div data-elementor-type=\"wp-page\" data-elementor-id=\"7550\" class=\"elementor elementor-7550\" data-elementor-post-type=\"page\">\n\t\t\t\t\t\t<section class=\"elementor-section elementor-top-section elementor-element elementor-element-770ee76 elementor-section-boxed elementor-section-height-default elementor-section-height-default\" data-id=\"770ee76\" data-element_type=\"section\">\n\t\t\t\t\t\t<div class=\"elementor-container elementor-column-gap-default\">\n\t\t\t\t\t<div class=\"elementor-column elementor-col-100 elementor-top-column elementor-element elementor-element-4bf58ae ot-flex-column-vertical\" data-id=\"4bf58ae\" data-element_type=\"column\">\n\t\t\t<div class=\"elementor-widget-wrap elementor-element-populated\">\n\t\t\t\t\t\t<div class=\"elementor-element elementor-element-b42df51 ssub-yes elementor-widget elementor-widget-iheading\" data-id=\"b42df51\" data-element_type=\"widget\" data-widget_type=\"iheading.default\">\n\t\t\t\t<div class=\"elementor-widget-container\">\n\t\t\t\t\t\t\t<div class=\"ot-heading\">\r\n\t        <span class=\"ot-heading__sub\">Projekto Apra\u0161ymas<\/span>\t        <h2 class=\"ot-heading__title\">TInGLE <br>Academia<\/h2>\t    <\/div>\r\n\t    \t\t\t\t<\/div>\n\t\t\t\t<\/div>\n\t\t\t\t\t<\/div>\n\t\t<\/div>\n\t\t\t\t\t<\/div>\n\t\t<\/section>\n\t\t\t\t<section class=\"elementor-section elementor-top-section elementor-element elementor-element-3389245 elementor-section-boxed elementor-section-height-default elementor-section-height-default\" data-id=\"3389245\" data-element_type=\"section\" data-settings=\"{&quot;background_background&quot;:&quot;classic&quot;}\">\n\t\t\t\t\t\t<div class=\"elementor-container elementor-column-gap-default\">\n\t\t\t\t\t<div class=\"elementor-column elementor-col-100 elementor-top-column elementor-element elementor-element-9ae7848 ot-flex-column-vertical\" data-id=\"9ae7848\" data-element_type=\"column\">\n\t\t\t<div class=\"elementor-widget-wrap elementor-element-populated\">\n\t\t\t\t\t\t<div class=\"elementor-element elementor-element-60f1099 ssub-yes elementor-widget elementor-widget-iheading\" data-id=\"60f1099\" data-element_type=\"widget\" data-widget_type=\"iheading.default\">\n\t\t\t\t<div class=\"elementor-widget-container\">\n\t\t\t\t\t\t\t<div class=\"ot-heading\">\r\n\t        \t        <h2 class=\"ot-heading__title\">Projekto veikl\u0173 apra\u0161ymas<\/h2>\t    <\/div>\r\n\t    \t\t\t\t<\/div>\n\t\t\t\t<\/div>\n\t\t\t\t<section class=\"elementor-section elementor-inner-section elementor-element elementor-element-a63c2c7 elementor-section-boxed elementor-section-height-default elementor-section-height-default\" data-id=\"a63c2c7\" data-element_type=\"section\">\n\t\t\t\t\t\t<div class=\"elementor-container elementor-column-gap-default\">\n\t\t\t\t\t<div class=\"elementor-column elementor-col-100 elementor-inner-column elementor-element elementor-element-0fbfd70 ot-column-items-center ot-flex-column-vertical\" data-id=\"0fbfd70\" data-element_type=\"column\">\n\t\t\t<div class=\"elementor-widget-wrap elementor-element-populated\">\n\t\t\t\t\t\t<div class=\"elementor-element elementor-element-b656fa5 elementor-widget elementor-widget-text-editor\" data-id=\"b656fa5\" data-element_type=\"widget\" data-widget_type=\"text-editor.default\">\n\t\t\t\t<div class=\"elementor-widget-container\">\n\t\t\t\t\t\t\t\t\t<p>TInGLE tikslas - u\u017emegzti auk\u0161tojo mokslo institucij\u0173 ir nevyriausybini\u0173 organizacij\u0173 strategines partnerystes, kad b\u016bt\u0173 remiamos akademin\u0117s programos ir politikos kryptys, skatinan\u010dios\nintersekcin\u0119 ly\u010di\u0173 lygyb\u0119.<\/p><p>Projektu prisidedama prie 5-ojo darnaus vystymosi tikslo (DVT 5), kuris yra Darnaus vystymosi iki\n2030 darbotvark\u0117s viena i\u0161 dali\u0173, \u012fgyvendinimo, integruojant \u012f auk\u0161tojo mokslo programas lyties\naspekt\u0105 ir intersekcionalumo perspektyv\u0105. TInGLE vysto naujas praktikas, inovatyvius mokymosi ir\nd\u0117stymo metodus, paremtus tarptautinio bendradarbiavimo praktika, skatinant suvokim\u0105 apie strukt\u016brin\u0119 nelygyb\u0119 akademin\u0117je aplinkoje.<\/p>\t\t\t\t\t\t\t\t<\/div>\n\t\t\t\t<\/div>\n\t\t\t\t\t<\/div>\n\t\t<\/div>\n\t\t\t\t\t<\/div>\n\t\t<\/section>\n\t\t\t\t<section class=\"elementor-section elementor-inner-section elementor-element elementor-element-9f4300a elementor-section-boxed elementor-section-height-default elementor-section-height-default\" data-id=\"9f4300a\" data-element_type=\"section\">\n\t\t\t\t\t\t<div class=\"elementor-container elementor-column-gap-default\">\n\t\t\t\t\t<div class=\"elementor-column elementor-col-33 elementor-inner-column elementor-element elementor-element-5cc6b7a ot-flex-column-vertical\" data-id=\"5cc6b7a\" data-element_type=\"column\">\n\t\t\t<div class=\"elementor-widget-wrap elementor-element-populated\">\n\t\t\t\t\t\t<div class=\"elementor-element elementor-element-0fdb073 ssub-yes elementor-widget elementor-widget-iheading\" data-id=\"0fdb073\" data-element_type=\"widget\" data-widget_type=\"iheading.default\">\n\t\t\t\t<div class=\"elementor-widget-container\">\n\t\t\t\t\t\t\t<div class=\"ot-heading\">\r\n\t        <span class=\"ot-heading__sub\">Work Package<\/span>\t        <h2 class=\"ot-heading__title\">Projekto veikl\u0173 apra\u0161ymas<\/h2>\t    <\/div>\r\n\t    \t\t\t\t<\/div>\n\t\t\t\t<\/div>\n\t\t\t\t<div class=\"elementor-element elementor-element-6757fb0 elementor-widget elementor-widget-image\" data-id=\"6757fb0\" data-element_type=\"widget\" data-widget_type=\"image.default\">\n\t\t\t\t<div class=\"elementor-widget-container\">\n\t\t\t\t\t\t\t\t\t\t\t\t\t\t\t<img fetchpriority=\"high\" decoding=\"async\" width=\"1024\" height=\"768\" src=\"https:\/\/tingleacademia.org\/wp-content\/uploads\/2024\/07\/20240603_121638-1024x768.jpg\" class=\"attachment-large size-large wp-image-7517\" alt=\"\" srcset=\"https:\/\/tingleacademia.org\/wp-content\/uploads\/2024\/07\/20240603_121638-1024x768.jpg 1024w, https:\/\/tingleacademia.org\/wp-content\/uploads\/2024\/07\/20240603_121638-300x225.jpg 300w, https:\/\/tingleacademia.org\/wp-content\/uploads\/2024\/07\/20240603_121638-768x576.jpg 768w, https:\/\/tingleacademia.org\/wp-content\/uploads\/2024\/07\/20240603_121638-1536x1152.jpg 1536w, https:\/\/tingleacademia.org\/wp-content\/uploads\/2024\/07\/20240603_121638.jpg 2000w\" sizes=\"(max-width: 1024px) 100vw, 1024px\" \/>\t\t\t\t\t\t\t\t\t\t\t\t\t\t\t<\/div>\n\t\t\t\t<\/div>\n\t\t\t\t\t<\/div>\n\t\t<\/div>\n\t\t\t\t<div class=\"elementor-column elementor-col-33 elementor-inner-column elementor-element elementor-element-e5856ea ot-flex-column-vertical\" data-id=\"e5856ea\" data-element_type=\"column\">\n\t\t\t<div class=\"elementor-widget-wrap\">\n\t\t\t\t\t\t\t<\/div>\n\t\t<\/div>\n\t\t\t\t<div class=\"elementor-column elementor-col-33 elementor-inner-column elementor-element elementor-element-0de0bf9 ot-flex-column-vertical\" data-id=\"0de0bf9\" data-element_type=\"column\">\n\t\t\t<div class=\"elementor-widget-wrap elementor-element-populated\">\n\t\t\t\t\t\t<div class=\"elementor-element elementor-element-b5b8585 elementor-widget elementor-widget-iaccordions\" data-id=\"b5b8585\" data-element_type=\"widget\" data-widget_type=\"iaccordions.default\">\n\t\t\t\t<div class=\"elementor-widget-container\">\n\t\t\t\t\t\r\n\t\t<div class=\"ot-accordions-wrapper style-1\">\r\n\t\t\t\t\t\t<div class=\"ot-acc-item\">\r\n\t\t\t\t<h5 class=\"ot-acc-item__title flex-middle\" data-tab=\"1\" role=\"tab\" data-default=\"yes\" >1. Projekto Valdymas \r\n\t\t\t\t\t\t\t\t\t\t\t\t\t\t\t\t\t\t<span class=\"down\"><svg xmlns=\"http:\/\/www.w3.org\/2000\/svg\" xmlns:xlink=\"http:\/\/www.w3.org\/1999\/xlink\" x=\"0px\" y=\"0px\" viewbox=\"0 0 512 512\" xml:space=\"preserve\"><g>\t<g>\t\t<polygon points=\"276,236 276,0 236,0 236,236 0,236 0,276 236,276 236,512 276,512 276,276 512,276 512,236\"><\/polygon>\t<\/g><\/g><\/svg><\/span>\r\n\t\t\t\t\t\t\t<span class=\"up\"><svg xmlns=\"http:\/\/www.w3.org\/2000\/svg\" xmlns:xlink=\"http:\/\/www.w3.org\/1999\/xlink\" x=\"0px\" y=\"0px\" viewbox=\"0 0 512 512\" xml:space=\"preserve\"><g>\t<g>\t\t<rect y=\"236\" width=\"512\" height=\"40\"><\/rect>\t<\/g><\/g><\/svg><\/span>\r\n\t\t\t\t\t\t\t\t\t\t\t\t\t\t\t<\/h5>\r\n\t\t\t\t<div class=\"ot-acc-item__content\">\r\n\t\t\t\t\t<ul><li style=\"font-weight: 400;\" aria-level=\"2\"><span style=\"font-weight: 400;\">Kasdienis projekt\u0173 koordinavimas ir administravimas.<\/span><\/li><li><span style=\"font-weight: 400;\">Susitikim\u0173 vykdymas, \u012fskaitant ketvirtines ataskaitas ir vertinimus.<\/span><\/li><li style=\"font-weight: 400;\" aria-level=\"2\"><span style=\"font-weight: 400;\">Etikos ir teis\u0117s norm\u0173 laikymosi u\u017etikrinimas.<\/span><\/li><li style=\"font-weight: 400;\" aria-level=\"2\"><span style=\"font-weight: 400;\">Duomen\u0173 ir intelektin\u0117s nuosavyb\u0117s teisi\u0173 valdymas.<\/span><\/li><\/ul>\t\t\t\t<\/div>\r\n\t\t\t<\/div>\r\n\t\t\t\t\t\t<div class=\"ot-acc-item\">\r\n\t\t\t\t<h5 class=\"ot-acc-item__title flex-middle\" data-tab=\"2\" role=\"tab\" data-default=\"\" >2. Ly\u010di\u0173 Nelygyb\u0117 Mokymo Programose \r\n\t\t\t\t\t\t\t\t\t\t\t\t\t\t\t\t\t\t<span class=\"down\"><svg xmlns=\"http:\/\/www.w3.org\/2000\/svg\" xmlns:xlink=\"http:\/\/www.w3.org\/1999\/xlink\" x=\"0px\" y=\"0px\" viewbox=\"0 0 512 512\" xml:space=\"preserve\"><g>\t<g>\t\t<polygon points=\"276,236 276,0 236,0 236,236 0,236 0,276 236,276 236,512 276,512 276,276 512,276 512,236\"><\/polygon>\t<\/g><\/g><\/svg><\/span>\r\n\t\t\t\t\t\t\t<span class=\"up\"><svg xmlns=\"http:\/\/www.w3.org\/2000\/svg\" xmlns:xlink=\"http:\/\/www.w3.org\/1999\/xlink\" x=\"0px\" y=\"0px\" viewbox=\"0 0 512 512\" xml:space=\"preserve\"><g>\t<g>\t\t<rect y=\"236\" width=\"512\" height=\"40\"><\/rect>\t<\/g><\/g><\/svg><\/span>\r\n\t\t\t\t\t\t\t\t\t\t\t\t\t\t\t<\/h5>\r\n\t\t\t\t<div class=\"ot-acc-item__content\">\r\n\t\t\t\t\t<ul><li style=\"font-weight: 400;\" aria-level=\"2\"><span style=\"font-weight: 400;\">Sistemin\u0117 projekto partneri\u0173 mokymo kurs\u0173 ap\u017evalga.<\/span><\/li><li style=\"font-weight: 400;\" aria-level=\"2\"><span style=\"font-weight: 400;\">Student\u0173, d\u0117stytoj\u0173 ir administracijos darbuotoj\u0173 apklausos ir fokus grup\u0117s diskusijos.<\/span><\/li><li style=\"font-weight: 400;\" aria-level=\"2\"><span style=\"font-weight: 400;\">Geriausi\u0173 praktik\u0173 ir \u012f ly\u010di\u0173 lygyb\u0119 orientuoto turinio sprag\u0173 identifikavimas.<\/span><\/li><li style=\"font-weight: 400;\" aria-level=\"2\"><span style=\"font-weight: 400;\">Ataskait\u0173 skelbimas siekiant informuoti apie poky\u010dius politikoje ir mokymo programose.<\/span><\/li><\/ul>\t\t\t\t<\/div>\r\n\t\t\t<\/div>\r\n\t\t\t\t\t\t<div class=\"ot-acc-item\">\r\n\t\t\t\t<h5 class=\"ot-acc-item__title flex-middle\" data-tab=\"3\" role=\"tab\" data-default=\"\" >3. Potenciali\u0173 Partneri\u0173 \u017dem\u0117lapis \r\n\t\t\t\t\t\t\t\t\t\t\t\t\t\t\t\t\t\t<span class=\"down\"><svg xmlns=\"http:\/\/www.w3.org\/2000\/svg\" xmlns:xlink=\"http:\/\/www.w3.org\/1999\/xlink\" x=\"0px\" y=\"0px\" viewbox=\"0 0 512 512\" xml:space=\"preserve\"><g>\t<g>\t\t<polygon points=\"276,236 276,0 236,0 236,236 0,236 0,276 236,276 236,512 276,512 276,276 512,276 512,236\"><\/polygon>\t<\/g><\/g><\/svg><\/span>\r\n\t\t\t\t\t\t\t<span class=\"up\"><svg xmlns=\"http:\/\/www.w3.org\/2000\/svg\" xmlns:xlink=\"http:\/\/www.w3.org\/1999\/xlink\" x=\"0px\" y=\"0px\" viewbox=\"0 0 512 512\" xml:space=\"preserve\"><g>\t<g>\t\t<rect y=\"236\" width=\"512\" height=\"40\"><\/rect>\t<\/g><\/g><\/svg><\/span>\r\n\t\t\t\t\t\t\t\t\t\t\t\t\t\t\t<\/h5>\r\n\t\t\t\t<div class=\"ot-acc-item__content\">\r\n\t\t\t\t\t<ul><li style=\"font-weight: 400;\" aria-level=\"2\"><span style=\"font-weight: 400;\">Atitinkam\u0173 nevyriausybini\u0173 ir vietini\u0173 organizacij\u0173 identifikavimas.<\/span><\/li><li style=\"font-weight: 400;\" aria-level=\"2\"><span style=\"font-weight: 400;\">Pagrindini\u0173 suinteresuot\u0173j\u0173 \u0161ali\u0173 \u017eem\u0117lapio k\u016brimas.<\/span><\/li><li style=\"font-weight: 400;\" aria-level=\"2\"><span style=\"font-weight: 400;\">Tinklaveikos rengini\u0173 ir susitikim\u0173 organizavimas.<\/span><\/li><li style=\"font-weight: 400;\" aria-level=\"2\"><span style=\"font-weight: 400;\">Organizacij\u0173 orientuot\u0173 \u012f ly\u010di\u0173 lygyb\u0119 atviros prieigos katalogo k\u016brimas.<\/span><\/li><\/ul>\t\t\t\t<\/div>\r\n\t\t\t<\/div>\r\n\t\t\t\t\t\t<div class=\"ot-acc-item\">\r\n\t\t\t\t<h5 class=\"ot-acc-item__title flex-middle\" data-tab=\"4\" role=\"tab\" data-default=\"\" >4. Bendradarbiavimas Tarp Auk\u0161tojo Mokslo Institucij\u0173 Ir Nevyriausybini\u0173 Organizacij\u0173 \r\n\t\t\t\t\t\t\t\t\t\t\t\t\t\t\t\t\t\t<span class=\"down\"><svg xmlns=\"http:\/\/www.w3.org\/2000\/svg\" xmlns:xlink=\"http:\/\/www.w3.org\/1999\/xlink\" x=\"0px\" y=\"0px\" viewbox=\"0 0 512 512\" xml:space=\"preserve\"><g>\t<g>\t\t<polygon points=\"276,236 276,0 236,0 236,236 0,236 0,276 236,276 236,512 276,512 276,276 512,276 512,236\"><\/polygon>\t<\/g><\/g><\/svg><\/span>\r\n\t\t\t\t\t\t\t<span class=\"up\"><svg xmlns=\"http:\/\/www.w3.org\/2000\/svg\" xmlns:xlink=\"http:\/\/www.w3.org\/1999\/xlink\" x=\"0px\" y=\"0px\" viewbox=\"0 0 512 512\" xml:space=\"preserve\"><g>\t<g>\t\t<rect y=\"236\" width=\"512\" height=\"40\"><\/rect>\t<\/g><\/g><\/svg><\/span>\r\n\t\t\t\t\t\t\t\t\t\t\t\t\t\t\t<\/h5>\r\n\t\t\t\t<div class=\"ot-acc-item__content\">\r\n\t\t\t\t\t<ul><li style=\"font-weight: 400;\" aria-level=\"2\"><span style=\"font-weight: 400;\">Id\u0117j\u0173 generavimo ir k\u016brimo dirbtuv\u0117s.<\/span><\/li><li style=\"font-weight: 400;\" aria-level=\"2\"><span style=\"font-weight: 400;\">Intersekcionalumo perspektyvos integravimo \u012f mokymo proces\u0105 sistemos k\u016brimas.<\/span><\/li><li style=\"font-weight: 400;\" aria-level=\"2\"><span style=\"font-weight: 400;\">Gairi\u0173 ir mokymo med\u017eiagos rengimas.<\/span><\/li><li style=\"font-weight: 400;\" aria-level=\"2\"><span style=\"font-weight: 400;\">Mokymo priemoni\u0173 rinkinio testavimas ir tobulinimas bandomuosiuose kursuose.<\/span><\/li><\/ul>\t\t\t\t<\/div>\r\n\t\t\t<\/div>\r\n\t\t\t\t\t\t<div class=\"ot-acc-item\">\r\n\t\t\t\t<h5 class=\"ot-acc-item__title flex-middle\" data-tab=\"5\" role=\"tab\" data-default=\"\" >5. Dalijimasis Mokymo Priemoni\u0173 Rinkiniu Ir Mokymas \r\n\t\t\t\t\t\t\t\t\t\t\t\t\t\t\t\t\t\t<span class=\"down\"><svg xmlns=\"http:\/\/www.w3.org\/2000\/svg\" xmlns:xlink=\"http:\/\/www.w3.org\/1999\/xlink\" x=\"0px\" y=\"0px\" viewbox=\"0 0 512 512\" xml:space=\"preserve\"><g>\t<g>\t\t<polygon points=\"276,236 276,0 236,0 236,236 0,236 0,276 236,276 236,512 276,512 276,276 512,276 512,236\"><\/polygon>\t<\/g><\/g><\/svg><\/span>\r\n\t\t\t\t\t\t\t<span class=\"up\"><svg xmlns=\"http:\/\/www.w3.org\/2000\/svg\" xmlns:xlink=\"http:\/\/www.w3.org\/1999\/xlink\" x=\"0px\" y=\"0px\" viewbox=\"0 0 512 512\" xml:space=\"preserve\"><g>\t<g>\t\t<rect y=\"236\" width=\"512\" height=\"40\"><\/rect>\t<\/g><\/g><\/svg><\/span>\r\n\t\t\t\t\t\t\t\t\t\t\t\t\t\t\t<\/h5>\r\n\t\t\t\t<div class=\"ot-acc-item__content\">\r\n\t\t\t\t\t<ul><li style=\"font-weight: 400;\" aria-level=\"2\"><span style=\"font-weight: 400;\">On-line ir \u201egyv\u0173\u201c mokym\u0173 kurs\u0173 k\u016brimas.<\/span><\/li><li style=\"font-weight: 400;\" aria-level=\"2\"><span style=\"font-weight: 400;\">Socialini\u0173 tinkl\u0173 turinio ir informavimo kampanij\u0173 k\u016brimas.<\/span><\/li><li style=\"font-weight: 400;\" aria-level=\"2\"><span style=\"font-weight: 400;\">Nacionalini\u0173 ir tarptautini\u0173 konferencij\u0173 organizavimas.<\/span><\/li><li style=\"font-weight: 400;\" aria-level=\"2\"><span style=\"font-weight: 400;\">U\u017etikrinimas, kad projekto rezultatai b\u016bt\u0173 prieinami ilgalaik\u0117je perspektyvoje.<\/span><\/li><\/ul>\t\t\t\t<\/div>\r\n\t\t\t<\/div>\r\n\t\t\t\t    <\/div>\r\n\r\n\t    \t\t\t\t<\/div>\n\t\t\t\t<\/div>\n\t\t\t\t\t<\/div>\n\t\t<\/div>\n\t\t\t\t\t<\/div>\n\t\t<\/section>\n\t\t\t\t\t<\/div>\n\t\t<\/div>\n\t\t\t\t\t<\/div>\n\t\t<\/section>\n\t\t\t\t<\/div>","protected":false},"excerpt":{"rendered":"<p>Project Description TInGLE Academia Work Package Descriptions TInGLE aims to establish strategic partnerships between Higher Education Institutions (HEIs) and Civil Society Organizations (CSOs) to support academic programs and policies towards intersectional gender equality. The project contributes to Sustainable Development Goal 5 (SDG 5) of the 2030 Agenda by integrating a gender-sensitive and intersectional perspective into [&hellip;]<\/p>","protected":false},"author":1,"featured_media":0,"parent":0,"menu_order":0,"comment_status":"closed","ping_status":"closed","template":"","meta":{"footnotes":""},"class_list":["post-7550","page","type-page","status-publish","hentry"],"_links":{"self":[{"href":"https:\/\/tingleacademia.org\/lt\/wp-json\/wp\/v2\/pages\/7550","targetHints":{"allow":["GET"]}}],"collection":[{"href":"https:\/\/tingleacademia.org\/lt\/wp-json\/wp\/v2\/pages"}],"about":[{"href":"https:\/\/tingleacademia.org\/lt\/wp-json\/wp\/v2\/types\/page"}],"author":[{"embeddable":true,"href":"https:\/\/tingleacademia.org\/lt\/wp-json\/wp\/v2\/users\/1"}],"replies":[{"embeddable":true,"href":"https:\/\/tingleacademia.org\/lt\/wp-json\/wp\/v2\/comments?post=7550"}],"version-history":[{"count":12,"href":"https:\/\/tingleacademia.org\/lt\/wp-json\/wp\/v2\/pages\/7550\/revisions"}],"predecessor-version":[{"id":7568,"href":"https:\/\/tingleacademia.org\/lt\/wp-json\/wp\/v2\/pages\/7550\/revisions\/7568"}],"wp:attachment":[{"href":"https:\/\/tingleacademia.org\/lt\/wp-json\/wp\/v2\/media?parent=7550"}],"curies":[{"name":"wp","href":"https:\/\/api.w.org\/{rel}","templated":true}]}}