{"id":7653,"date":"2025-02-27T11:19:37","date_gmt":"2025-02-27T10:19:37","guid":{"rendered":"https:\/\/tingleacademia.org\/?page_id=7653"},"modified":"2025-02-27T11:29:06","modified_gmt":"2025-02-27T10:29:06","slug":"virginija-sidlauskiene","status":"publish","type":"page","link":"https:\/\/tingleacademia.org\/lt\/virginija-sidlauskiene\/","title":{"rendered":"Virginija \u0160idlauskien\u0117"},"content":{"rendered":"<div data-elementor-type=\"wp-page\" data-elementor-id=\"7653\" class=\"elementor elementor-7653\" data-elementor-post-type=\"page\">\n\t\t\t\t\t\t<section class=\"elementor-section elementor-top-section elementor-element elementor-element-5c57d71 elementor-section-boxed elementor-section-height-default elementor-section-height-default\" data-id=\"5c57d71\" data-element_type=\"section\">\n\t\t\t\t\t\t<div class=\"elementor-container elementor-column-gap-no\">\n\t\t\t\t\t<div class=\"elementor-column elementor-col-50 elementor-top-column elementor-element elementor-element-a337625 ot-flex-column-vertical\" data-id=\"a337625\" data-element_type=\"column\">\n\t\t\t<div class=\"elementor-widget-wrap elementor-element-populated\">\n\t\t\t\t\t\t<section class=\"elementor-section elementor-inner-section elementor-element elementor-element-f716b01 elementor-section-boxed elementor-section-height-default elementor-section-height-default\" data-id=\"f716b01\" data-element_type=\"section\">\n\t\t\t\t\t\t<div class=\"elementor-container elementor-column-gap-extended\">\n\t\t\t\t\t<div class=\"elementor-column elementor-col-100 elementor-inner-column elementor-element elementor-element-4d28869 ot-flex-column-vertical\" data-id=\"4d28869\" data-element_type=\"column\">\n\t\t\t<div class=\"elementor-widget-wrap elementor-element-populated\">\n\t\t\t\t\t\t<div class=\"elementor-element elementor-element-c9fbb63 elementor-widget elementor-widget-image\" data-id=\"c9fbb63\" data-element_type=\"widget\" data-widget_type=\"image.default\">\n\t\t\t\t<div class=\"elementor-widget-container\">\n\t\t\t\t\t\t\t\t\t\t\t\t\t\t\t<img decoding=\"async\" width=\"220\" height=\"211\" src=\"https:\/\/tingleacademia.org\/wp-content\/uploads\/2025\/02\/Virginija_Sidlauskiene-photo.jpg\" class=\"attachment-full size-full wp-image-7575\" alt=\"\" \/>\t\t\t\t\t\t\t\t\t\t\t\t\t\t\t<\/div>\n\t\t\t\t<\/div>\n\t\t\t\t\t<\/div>\n\t\t<\/div>\n\t\t\t\t\t<\/div>\n\t\t<\/section>\n\t\t\t\t\t<\/div>\n\t\t<\/div>\n\t\t\t\t<div class=\"elementor-column elementor-col-50 elementor-top-column elementor-element elementor-element-5e5a374 ot-flex-column-vertical\" data-id=\"5e5a374\" data-element_type=\"column\">\n\t\t\t<div class=\"elementor-widget-wrap elementor-element-populated\">\n\t\t\t\t\t\t<section class=\"elementor-section elementor-inner-section elementor-element elementor-element-77fc086 elementor-section-boxed elementor-section-height-default elementor-section-height-default\" data-id=\"77fc086\" data-element_type=\"section\">\n\t\t\t\t\t\t<div class=\"elementor-container elementor-column-gap-extended\">\n\t\t\t\t\t<div class=\"elementor-column elementor-col-100 elementor-inner-column elementor-element elementor-element-b6a3a84 ot-flex-column-vertical\" data-id=\"b6a3a84\" data-element_type=\"column\">\n\t\t\t<div class=\"elementor-widget-wrap elementor-element-populated\">\n\t\t\t\t\t\t<div class=\"elementor-element elementor-element-2ededcf elementor-widget elementor-widget-heading\" data-id=\"2ededcf\" data-element_type=\"widget\" data-widget_type=\"heading.default\">\n\t\t\t\t<div class=\"elementor-widget-container\">\n\t\t\t\t\t<h2 class=\"elementor-heading-title elementor-size-default\">Virginija \u0160idlauskien\u0117<\/h2>\t\t\t\t<\/div>\n\t\t\t\t<\/div>\n\t\t\t\t<div class=\"elementor-element elementor-element-ee7936e elementor-widget elementor-widget-text-editor\" data-id=\"ee7936e\" data-element_type=\"widget\" data-widget_type=\"text-editor.default\">\n\t\t\t\t<div class=\"elementor-widget-container\">\n\t\t\t\t\t\t\t\t\t<h5>PhD<\/h5>\nVirginija \u0160idlauskien\u0117, PhD, is a senior researcher at the Vilnius University Faculty of Communication and chief researcher at \u0160iauliai Academy.\t\t\t\t\t\t\t\t<\/div>\n\t\t\t\t<\/div>\n\t\t\t\t<div class=\"elementor-element elementor-element-f9fe0ca elementor-widget elementor-widget-text-editor\" data-id=\"f9fe0ca\" data-element_type=\"widget\" data-widget_type=\"text-editor.default\">\n\t\t\t\t<div class=\"elementor-widget-container\">\n\t\t\t\t\t\t\t\t\tHer research focuses on gender equality mainstreaming&#8217;s impact on institutional and national levels, as well as social research of gendered organizations, unpaid work, work-life balance, governance of research, and research assessment from a gender perspective. She published over 100 scientific papers, designed several gender-sensitive social innovations, and shared good practices at the EU and national levels. \n\t\t\t\t\t\t\t\t<\/div>\n\t\t\t\t<\/div>\n\t\t\t\t\t<\/div>\n\t\t<\/div>\n\t\t\t\t\t<\/div>\n\t\t<\/section>\n\t\t\t\t\t<\/div>\n\t\t<\/div>\n\t\t\t\t\t<\/div>\n\t\t<\/section>\n\t\t\t\t<\/div>","protected":false},"excerpt":{"rendered":"<p>Virginija \u0160idlauskien\u0117 PhD Virginija \u0160idlauskien\u0117, PhD, is a senior researcher at the Vilnius University Faculty of Communication and chief researcher at \u0160iauliai Academy.Her research focuses on gender equality mainstreaming&#8217;s impact on institutional and national levels, as well as social research of gendered organizations, unpaid work, work-life balance, governance of research, and research assessment from a [&hellip;]<\/p>","protected":false},"author":1,"featured_media":0,"parent":0,"menu_order":0,"comment_status":"closed","ping_status":"closed","template":"elementor_header_footer","meta":{"footnotes":""},"class_list":["post-7653","page","type-page","status-publish","hentry"],"_links":{"self":[{"href":"https:\/\/tingleacademia.org\/lt\/wp-json\/wp\/v2\/pages\/7653","targetHints":{"allow":["GET"]}}],"collection":[{"href":"https:\/\/tingleacademia.org\/lt\/wp-json\/wp\/v2\/pages"}],"about":[{"href":"https:\/\/tingleacademia.org\/lt\/wp-json\/wp\/v2\/types\/page"}],"author":[{"embeddable":true,"href":"https:\/\/tingleacademia.org\/lt\/wp-json\/wp\/v2\/users\/1"}],"replies":[{"embeddable":true,"href":"https:\/\/tingleacademia.org\/lt\/wp-json\/wp\/v2\/comments?post=7653"}],"version-history":[{"count":4,"href":"https:\/\/tingleacademia.org\/lt\/wp-json\/wp\/v2\/pages\/7653\/revisions"}],"predecessor-version":[{"id":7675,"href":"https:\/\/tingleacademia.org\/lt\/wp-json\/wp\/v2\/pages\/7653\/revisions\/7675"}],"wp:attachment":[{"href":"https:\/\/tingleacademia.org\/lt\/wp-json\/wp\/v2\/media?parent=7653"}],"curies":[{"name":"wp","href":"https:\/\/api.w.org\/{rel}","templated":true}]}}