{"id":7657,"date":"2025-02-27T11:21:08","date_gmt":"2025-02-27T10:21:08","guid":{"rendered":"https:\/\/tingleacademia.org\/?page_id=7657"},"modified":"2025-02-27T11:30:59","modified_gmt":"2025-02-27T10:30:59","slug":"lijana-stundze","status":"publish","type":"page","link":"https:\/\/tingleacademia.org\/lt\/lijana-stundze\/","title":{"rendered":"Lijana Stund\u017e\u0117"},"content":{"rendered":"<div data-elementor-type=\"wp-page\" data-elementor-id=\"7657\" class=\"elementor elementor-7657\" data-elementor-post-type=\"page\">\n\t\t\t\t\t\t<section class=\"elementor-section elementor-top-section elementor-element elementor-element-5c57d71 elementor-section-boxed elementor-section-height-default elementor-section-height-default\" data-id=\"5c57d71\" data-element_type=\"section\">\n\t\t\t\t\t\t<div class=\"elementor-container elementor-column-gap-no\">\n\t\t\t\t\t<div class=\"elementor-column elementor-col-50 elementor-top-column elementor-element elementor-element-a337625 ot-flex-column-vertical\" data-id=\"a337625\" data-element_type=\"column\">\n\t\t\t<div class=\"elementor-widget-wrap elementor-element-populated\">\n\t\t\t\t\t\t<section class=\"elementor-section elementor-inner-section elementor-element elementor-element-f716b01 elementor-section-boxed elementor-section-height-default elementor-section-height-default\" data-id=\"f716b01\" data-element_type=\"section\">\n\t\t\t\t\t\t<div class=\"elementor-container elementor-column-gap-extended\">\n\t\t\t\t\t<div class=\"elementor-column elementor-col-100 elementor-inner-column elementor-element elementor-element-4d28869 ot-flex-column-vertical\" data-id=\"4d28869\" data-element_type=\"column\">\n\t\t\t<div class=\"elementor-widget-wrap\">\n\t\t\t\t\t\t\t<\/div>\n\t\t<\/div>\n\t\t\t\t\t<\/div>\n\t\t<\/section>\n\t\t\t\t\t<\/div>\n\t\t<\/div>\n\t\t\t\t<div class=\"elementor-column elementor-col-50 elementor-top-column elementor-element elementor-element-5e5a374 ot-flex-column-vertical\" data-id=\"5e5a374\" data-element_type=\"column\">\n\t\t\t<div class=\"elementor-widget-wrap elementor-element-populated\">\n\t\t\t\t\t\t<section class=\"elementor-section elementor-inner-section elementor-element elementor-element-77fc086 elementor-section-boxed elementor-section-height-default elementor-section-height-default\" data-id=\"77fc086\" data-element_type=\"section\">\n\t\t\t\t\t\t<div class=\"elementor-container elementor-column-gap-extended\">\n\t\t\t\t\t<div class=\"elementor-column elementor-col-100 elementor-inner-column elementor-element elementor-element-b6a3a84 ot-flex-column-vertical\" data-id=\"b6a3a84\" data-element_type=\"column\">\n\t\t\t<div class=\"elementor-widget-wrap elementor-element-populated\">\n\t\t\t\t\t\t<div class=\"elementor-element elementor-element-2ededcf elementor-widget elementor-widget-heading\" data-id=\"2ededcf\" data-element_type=\"widget\" data-widget_type=\"heading.default\">\n\t\t\t\t<div class=\"elementor-widget-container\">\n\t\t\t\t\t<h2 class=\"elementor-heading-title elementor-size-default\">Lijana Stund\u017e\u0117<\/h2>\t\t\t\t<\/div>\n\t\t\t\t<\/div>\n\t\t\t\t<div class=\"elementor-element elementor-element-ee7936e elementor-widget elementor-widget-text-editor\" data-id=\"ee7936e\" data-element_type=\"widget\" data-widget_type=\"text-editor.default\">\n\t\t\t\t<div class=\"elementor-widget-container\">\n\t\t\t\t\t\t\t\t\t<h5>PhD<\/h5>\nLijana Stund\u017e\u0117, PhD, is an associate professor at the Faculty of Communication of Vilnius University. Her teaching and research focus on numerous dimensions of communication sciences and gender studies.\n\t\t\t\t\t\t\t\t<\/div>\n\t\t\t\t<\/div>\n\t\t\t\t\t<\/div>\n\t\t<\/div>\n\t\t\t\t\t<\/div>\n\t\t<\/section>\n\t\t\t\t\t<\/div>\n\t\t<\/div>\n\t\t\t\t\t<\/div>\n\t\t<\/section>\n\t\t\t\t<\/div>","protected":false},"excerpt":{"rendered":"<p>Lijana Stund\u017e\u0117 PhD Lijana Stund\u017e\u0117, PhD, is an associate professor at the Faculty of Communication of Vilnius University. Her teaching and research focus on numerous dimensions of communication sciences and gender studies.<\/p>","protected":false},"author":1,"featured_media":0,"parent":0,"menu_order":0,"comment_status":"closed","ping_status":"closed","template":"elementor_header_footer","meta":{"footnotes":""},"class_list":["post-7657","page","type-page","status-publish","hentry"],"_links":{"self":[{"href":"https:\/\/tingleacademia.org\/lt\/wp-json\/wp\/v2\/pages\/7657","targetHints":{"allow":["GET"]}}],"collection":[{"href":"https:\/\/tingleacademia.org\/lt\/wp-json\/wp\/v2\/pages"}],"about":[{"href":"https:\/\/tingleacademia.org\/lt\/wp-json\/wp\/v2\/types\/page"}],"author":[{"embeddable":true,"href":"https:\/\/tingleacademia.org\/lt\/wp-json\/wp\/v2\/users\/1"}],"replies":[{"embeddable":true,"href":"https:\/\/tingleacademia.org\/lt\/wp-json\/wp\/v2\/comments?post=7657"}],"version-history":[{"count":4,"href":"https:\/\/tingleacademia.org\/lt\/wp-json\/wp\/v2\/pages\/7657\/revisions"}],"predecessor-version":[{"id":7681,"href":"https:\/\/tingleacademia.org\/lt\/wp-json\/wp\/v2\/pages\/7657\/revisions\/7681"}],"wp:attachment":[{"href":"https:\/\/tingleacademia.org\/lt\/wp-json\/wp\/v2\/media?parent=7657"}],"curies":[{"name":"wp","href":"https:\/\/api.w.org\/{rel}","templated":true}]}}